{"id":67,"date":"2014-03-08T11:30:49","date_gmt":"2014-03-08T11:30:49","guid":{"rendered":"http:\/\/naturheilpraxis-b-buehl.de\/?page_id=67"},"modified":"2022-02-11T23:10:27","modified_gmt":"2022-02-11T23:10:27","slug":"anfahrt","status":"publish","type":"page","link":"https:\/\/naturheilpraxis-b-buehl.de\/?page_id=67","title":{"rendered":"Anfahrt"},"content":{"rendered":"<p>Nachdem die meisten meiner Patienten ein Navi im Auto haben und von daher nur meine Adresse ben\u00f6tigen und Google maps m\u00f6glicherweise nicht dem entspricht, was sich meine Patienten und ich unter Datensicherheit vorstellen, habe ich Google maps von meiner Website entfernen lassen.\u00a0 Sie erhalten nachfolgend deshalb eine Wegbeschreibung zu meinem Praxisraum, so wie man eben einen Weg beschreibt wenn kein Navi zur Verf\u00fcgung steht.<\/p>\n<p>Meine Praxis in Gro\u00dfhelfendorf, Goldbergstr. 8a finden Sie wenn Sie von M\u00fcnchen bzw. aus Richtung Aying auf der Rosenheimer Landstra\u00dfe fahren und in Gro\u00dfhelfendorf in die 2. Stra\u00dfe rechts abbiegen. Sie befinden sich dann bereits in der Goldbergstra\u00dfe, die Sie entlang fahren, bis Sie auf der rechten Seite ein wei\u00dfes Doppelhaus mit blauen Fensterl\u00e4nden sehen. Meine Praxis befindet sich im der 2. H\u00e4lfte.<\/p>\n<p>Von Bad Aibling bzw. Feldkirchen kommend, fahren Sie auf der Rosenheimer Landstra\u00dfe bis Sie die 2. Ampel im Ort \u00fcberquert haben. Die wenige Meter weiter abzweigende Stra\u00dfe linker Hand, gegen\u00fcber der \u00f6rtlichen Pizzeria, \u00a0ist die Goldbergstra\u00dfe, die Sie wie bereits beschrieben bis zu meiner Praxis geradeaus entlang fahren.<\/p>\n<p>Ich hoffe, Sie auf Grund oder auch trotz meiner Wegbeschreibungen in meiner Praxis begr\u00fc\u00dfen zu k\u00f6nnen.<\/p>\n","protected":false},"excerpt":{"rendered":"<p>Nachdem die meisten meiner Patienten ein Navi im Auto haben und von daher nur meine Adresse ben\u00f6tigen und Google maps m\u00f6glicherweise nicht dem entspricht, was sich meine Patienten und ich unter Datensicherheit vorstellen, habe ich Google maps von meiner Website &hellip; <a href=\"https:\/\/naturheilpraxis-b-buehl.de\/?page_id=67\">Weiterlesen <span class=\"meta-nav\">&rarr;<\/span><\/a><\/p>\n","protected":false},"author":1,"featured_media":215,"parent":0,"menu_order":0,"comment_status":"open","ping_status":"open","template":"","meta":{"footnotes":""},"class_list":["post-67","page","type-page","status-publish","has-post-thumbnail","hentry"],"_links":{"self":[{"href":"https:\/\/naturheilpraxis-b-buehl.de\/index.php?rest_route=\/wp\/v2\/pages\/67","targetHints":{"allow":["GET"]}}],"collection":[{"href":"https:\/\/naturheilpraxis-b-buehl.de\/index.php?rest_route=\/wp\/v2\/pages"}],"about":[{"href":"https:\/\/naturheilpraxis-b-buehl.de\/index.php?rest_route=\/wp\/v2\/types\/page"}],"author":[{"embeddable":true,"href":"https:\/\/naturheilpraxis-b-buehl.de\/index.php?rest_route=\/wp\/v2\/users\/1"}],"replies":[{"embeddable":true,"href":"https:\/\/naturheilpraxis-b-buehl.de\/index.php?rest_route=%2Fwp%2Fv2%2Fcomments&post=67"}],"version-history":[{"count":15,"href":"https:\/\/naturheilpraxis-b-buehl.de\/index.php?rest_route=\/wp\/v2\/pages\/67\/revisions"}],"predecessor-version":[{"id":377,"href":"https:\/\/naturheilpraxis-b-buehl.de\/index.php?rest_route=\/wp\/v2\/pages\/67\/revisions\/377"}],"wp:featuredmedia":[{"embeddable":true,"href":"https:\/\/naturheilpraxis-b-buehl.de\/index.php?rest_route=\/wp\/v2\/media\/215"}],"wp:attachment":[{"href":"https:\/\/naturheilpraxis-b-buehl.de\/index.php?rest_route=%2Fwp%2Fv2%2Fmedia&parent=67"}],"curies":[{"name":"wp","href":"https:\/\/api.w.org\/{rel}","templated":true}]}}