{"id":38,"date":"2014-02-24T09:47:41","date_gmt":"2014-02-24T09:47:41","guid":{"rendered":"http:\/\/naturheilpraxis-b-buehl.de\/?page_id=38"},"modified":"2023-03-13T09:48:04","modified_gmt":"2023-03-13T09:48:04","slug":"vita","status":"publish","type":"page","link":"https:\/\/naturheilpraxis-b-buehl.de\/?page_id=38","title":{"rendered":"Vita"},"content":{"rendered":"<p>Birgit B\u00fchl, geboren 1963, aufgewachsen in der N\u00e4he von M\u00fcnchen, 1 Sohn<\/p>\n<p><a href=\"https:\/\/naturheilpraxis-b-buehl.de\/wp-content\/uploads\/2014\/02\/DSC_6786.jpg\"><img loading=\"lazy\" decoding=\"async\" class=\"alignnone size-medium wp-image-224\" src=\"https:\/\/naturheilpraxis-b-buehl.de\/wp-content\/uploads\/2014\/02\/DSC_6786-200x300.jpg\" alt=\"DSC_6786\" width=\"200\" height=\"300\" srcset=\"https:\/\/naturheilpraxis-b-buehl.de\/wp-content\/uploads\/2014\/02\/DSC_6786-200x300.jpg 200w, https:\/\/naturheilpraxis-b-buehl.de\/wp-content\/uploads\/2014\/02\/DSC_6786-682x1024.jpg 682w, https:\/\/naturheilpraxis-b-buehl.de\/wp-content\/uploads\/2014\/02\/DSC_6786.jpg 1118w\" sizes=\"auto, (max-width: 200px) 100vw, 200px\" \/><\/a><\/p>\n<p>Heilpraktikerin seit April 1999<\/p>\n<p>Arbeit in eigener Praxis seit April 1999 zuerst in Werthhoven bei Bonn (1999 \u2013 2001),<\/p>\n<p>dann in Ebern (Unterfranken) (2001 \u2013 2005)<\/p>\n<p>seit Juli 2005 in Gro\u00dfhelfendorf mit Praxiszweigstelle in Ebern<\/p>\n<p>Hom\u00f6opathische Ausbildung: Manfred Klein (nach Erik Schwarz), Bernhard M\u00f6ller<\/p>\n<p>Hom\u00f6opathische Fortbildung: Dr. Jens Wurster, Elmar Funk, Rolf Hinderer, Armin Seideneder, Dr. Norbert Winter, Dr. Jens Ahlbrecht, Dr. Michael Teut, Michael Kohl, Heiner Frei, Bernd Jochem, Dr. Alfons Geukens,<\/p>\n<p>Ausbildung am Dunkelfeldmikroskop: Dr. med. Konrad Werthmann<\/p>\n<p>Hypnose-Aus- und Fortbildungen: TherMedius-Institut f\u00fcr medizinische und therapeut. Fachausbildungen<\/p>\n<p>Eigene Vortragst\u00e4tigkeit:<\/p>\n<p>Vortr\u00e4ge an der VHS Ebern (2001 &#8211; 2004)<\/p>\n<p>Vortr\u00e4ge f\u00fcr Patienten meiner Praxis<\/p>\n<p>Fortbildungsveranstaltungen f\u00fcr KollegInnen zu den Themenkreisen &#8222;Hom\u00f6opathie&#8220; und &#8222;Nat\u00fcrliche Familienplanung&#8220;<\/p>\n","protected":false},"excerpt":{"rendered":"<p>Birgit B\u00fchl, geboren 1963, aufgewachsen in der N\u00e4he von M\u00fcnchen, 1 Sohn Heilpraktikerin seit April 1999 Arbeit in eigener Praxis seit April 1999 zuerst in Werthhoven bei Bonn (1999 \u2013 2001), dann in Ebern (Unterfranken) (2001 \u2013 2005) seit Juli &hellip; <a href=\"https:\/\/naturheilpraxis-b-buehl.de\/?page_id=38\">Weiterlesen <span class=\"meta-nav\">&rarr;<\/span><\/a><\/p>\n","protected":false},"author":1,"featured_media":219,"parent":0,"menu_order":0,"comment_status":"open","ping_status":"open","template":"","meta":{"footnotes":""},"class_list":["post-38","page","type-page","status-publish","has-post-thumbnail","hentry"],"_links":{"self":[{"href":"https:\/\/naturheilpraxis-b-buehl.de\/index.php?rest_route=\/wp\/v2\/pages\/38","targetHints":{"allow":["GET"]}}],"collection":[{"href":"https:\/\/naturheilpraxis-b-buehl.de\/index.php?rest_route=\/wp\/v2\/pages"}],"about":[{"href":"https:\/\/naturheilpraxis-b-buehl.de\/index.php?rest_route=\/wp\/v2\/types\/page"}],"author":[{"embeddable":true,"href":"https:\/\/naturheilpraxis-b-buehl.de\/index.php?rest_route=\/wp\/v2\/users\/1"}],"replies":[{"embeddable":true,"href":"https:\/\/naturheilpraxis-b-buehl.de\/index.php?rest_route=%2Fwp%2Fv2%2Fcomments&post=38"}],"version-history":[{"count":13,"href":"https:\/\/naturheilpraxis-b-buehl.de\/index.php?rest_route=\/wp\/v2\/pages\/38\/revisions"}],"predecessor-version":[{"id":390,"href":"https:\/\/naturheilpraxis-b-buehl.de\/index.php?rest_route=\/wp\/v2\/pages\/38\/revisions\/390"}],"wp:featuredmedia":[{"embeddable":true,"href":"https:\/\/naturheilpraxis-b-buehl.de\/index.php?rest_route=\/wp\/v2\/media\/219"}],"wp:attachment":[{"href":"https:\/\/naturheilpraxis-b-buehl.de\/index.php?rest_route=%2Fwp%2Fv2%2Fmedia&parent=38"}],"curies":[{"name":"wp","href":"https:\/\/api.w.org\/{rel}","templated":true}]}}