{"id":36,"date":"2014-02-24T09:47:19","date_gmt":"2014-02-24T09:47:19","guid":{"rendered":"http:\/\/naturheilpraxis-b-buehl.de\/?page_id=36"},"modified":"2016-01-14T12:46:50","modified_gmt":"2016-01-14T12:46:50","slug":"homoeopathie","status":"publish","type":"page","link":"https:\/\/naturheilpraxis-b-buehl.de\/?page_id=36","title":{"rendered":"Hom\u00f6opathie"},"content":{"rendered":"<p>Als Begr\u00fcnder der klassischen Hom\u00f6opathie gilt der Arzt Samuel Hahnemann, der ab 1790 nach und nach die Grunds\u00e4tze seiner Lehre festlegte, die auf folgenden drei Hauptgrunds\u00e4tzen beruht:<\/p>\n<ol>\n<li>&#8222;\u00c4hnliches heilt \u00c4hnliches.&#8220;, was hei\u00dft, dass ein Medikament die Symptome eines Kranken heilen kann, die es an einem gesunden Menschen in der \u00dcberdosis erzeugt. Rohe Zwiebel l\u00f6st beim gesunden Menschen Augenbrennen, Tr\u00e4nenfluss und w\u00e4ssriges Nasensekret aus. Ein Patient, der mit einem w\u00e4ssrigen Flie\u00dfschnupfen in die Praxis kommt, dessen Augen tr\u00e4nen und brennen, wird daher z.B. Allium cepa (= K\u00fcchenzwiebel) in hom\u00f6opathischer Form (Globuli oder Tropfen) bekommen.<\/li>\n<li>Arzneimittelpr\u00fcfung<br \/>\nUm zu wissen, welche Medikamente f\u00fcr welche Symptome eingesetzt werden k\u00f6nnen, wird ein zu testendes Medikament von mehreren Versuchspersonen eingenommen und die entstehenden Symptome aufgezeichnet = Arzneimittelpr\u00fcfung. Eine Arzneimittelpr\u00fcfung, die vielen Menschen bekannt sein d\u00fcrfte, erlebt man nach einem Zuviel an Kaffee wenn Symptome auftauchen wie Herzklopfen, Schwitzen, Schlaflosigkeit, H\u00e4ndezittern und Nervosit\u00e4t. Diese Symptomatik versucht man als Hom\u00f6opath mit Kaffee (Coffea) in hom\u00f6opathischer Form an einem Patienten zu heilen, der diese Krankheitsmerkmale ohne Kaffeekonsum aufweist. Durch den Reiz des hom\u00f6opathischen Medikaments verst\u00e4rkt der Patient, bzw.sein Immunsystem, seine Anstrengungen zur \u00dcberwindung der Erkrankung. Hom\u00f6opathische Mittel sind deshalb als Medikamente einzustufen und nicht als Zuckerk\u00fcgelchen, die man bedenkenlos in jeglicher Dosierung zu sich nehmen kann, denn es besteht immer die Gefahr, dass man bei falscher Wahl oder Dosierung eine Arzneimittelpr\u00fcfung ausl\u00f6st.<\/li>\n<li>Potenzierung von Arzneimitteln<br \/>\nDarunter versteht man die Verreibung bzw. Versch\u00fcttelung einer Arzneisubstanz mit einer Tr\u00e4gersubstanz z.B. Milchzucker, Alkohol oder Wasser in einem Mischungsverh\u00e4ltnis von 1:10 (D-Potenz), 1:100 (C-Potenz) oder 1: 50.000 (LM-Potenz). Kritiker der Hom\u00f6opathie benutzen den Grundsatz der Potenzierung der Arzneimittel um sie als Hokuspokus zu verunglimpfen, da durch die hohe Verd\u00fcnnung, die mehrfach wiederholt wird, von der Arzneisubstanz im Tr\u00e4germedium chemisch nichts mehr nachweisbar ist. Die Verfechter der Hom\u00f6opathie gehen dagegen von dem Gedanken aus, dass durch den physikalischen Vorgang der Versch\u00fcttelung bzw. Verreibung Informationen von der Arzneisubstanz auf das Tr\u00e4germedium \u00fcbergehen und damit eine materielle Anwesenheit der Arzneisubstanz nicht mehr n\u00f6tig ist. Zu bedenken bleibt, dass nicht alles was heute noch nicht beweisbar ist, deshalb auch zwingend nicht existent ist oder nicht funktioniert.<\/li>\n<\/ol>\n<p>Nachdem hom\u00f6opathisch gew\u00e4hlte Arzneimittel die urspr\u00fcngliche Symptomatik des Patienten noch erh\u00f6hen (z.B. Kaffee-Globuli die Schlaflosigkeit u. Nervosit\u00e4t), kann es bei der Einnahme von hom\u00f6opathischen Medikamenten zu einer anf\u00e4nglichen Verst\u00e4rkung der Symptome kommen. Dies bezeichnet man als Erstverschlechterung und bedeutet grunds\u00e4tzlich, dass das eingenommene Mittel wirkt. Trotzdem sollte das weitere Vorgehen in diesemFall mit einem Hom\u00f6opathen abgestimmt werden. Im Gegensatz dazu wird in der Schulmedizin versucht, z.B. Schlaflosigkeit mit beruhigenden Mitteln zu behandeln, d.h. die Symptome werden unterdr\u00fcckt.<\/p>\n<p>Hom\u00f6opathische Mittel werden nach der Gesamtheit der Symptome gew\u00e4hlt. Deshalb kann es vorkommen, dass zwei Menschen mit der gleichen Grunderkrankung unterschiedliche Mittel bekommen weil sich die Gesamtsymptomatik unterschiedlich darstellt. Hom\u00f6opathische Mittel werden individuell gew\u00e4hlt und sind deshalb nicht dazu geeignet an andere Personen weitergegeben zu werden.<\/p>\n<p>Grunds\u00e4tzlich sollte eine hom\u00f6opathische Behandlung die \u00fcber den Einsatz von Globuli in der Hausapotheke hinausgeht immer von einem Hom\u00f6opathen therapeutisch begleitet werden.<\/p>\n","protected":false},"excerpt":{"rendered":"<p>Als Begr\u00fcnder der klassischen Hom\u00f6opathie gilt der Arzt Samuel Hahnemann, der ab 1790 nach und nach die Grunds\u00e4tze seiner Lehre festlegte, die auf folgenden drei Hauptgrunds\u00e4tzen beruht: &#8222;\u00c4hnliches heilt \u00c4hnliches.&#8220;, was hei\u00dft, dass ein Medikament die Symptome eines Kranken heilen &hellip; <a href=\"https:\/\/naturheilpraxis-b-buehl.de\/?page_id=36\">Weiterlesen <span class=\"meta-nav\">&rarr;<\/span><\/a><\/p>\n","protected":false},"author":1,"featured_media":222,"parent":0,"menu_order":0,"comment_status":"open","ping_status":"open","template":"","meta":{"footnotes":""},"class_list":["post-36","page","type-page","status-publish","has-post-thumbnail","hentry"],"_links":{"self":[{"href":"https:\/\/naturheilpraxis-b-buehl.de\/index.php?rest_route=\/wp\/v2\/pages\/36","targetHints":{"allow":["GET"]}}],"collection":[{"href":"https:\/\/naturheilpraxis-b-buehl.de\/index.php?rest_route=\/wp\/v2\/pages"}],"about":[{"href":"https:\/\/naturheilpraxis-b-buehl.de\/index.php?rest_route=\/wp\/v2\/types\/page"}],"author":[{"embeddable":true,"href":"https:\/\/naturheilpraxis-b-buehl.de\/index.php?rest_route=\/wp\/v2\/users\/1"}],"replies":[{"embeddable":true,"href":"https:\/\/naturheilpraxis-b-buehl.de\/index.php?rest_route=%2Fwp%2Fv2%2Fcomments&post=36"}],"version-history":[{"count":5,"href":"https:\/\/naturheilpraxis-b-buehl.de\/index.php?rest_route=\/wp\/v2\/pages\/36\/revisions"}],"predecessor-version":[{"id":174,"href":"https:\/\/naturheilpraxis-b-buehl.de\/index.php?rest_route=\/wp\/v2\/pages\/36\/revisions\/174"}],"wp:featuredmedia":[{"embeddable":true,"href":"https:\/\/naturheilpraxis-b-buehl.de\/index.php?rest_route=\/wp\/v2\/media\/222"}],"wp:attachment":[{"href":"https:\/\/naturheilpraxis-b-buehl.de\/index.php?rest_route=%2Fwp%2Fv2%2Fmedia&parent=36"}],"curies":[{"name":"wp","href":"https:\/\/api.w.org\/{rel}","templated":true}]}}