{"id":34,"date":"2014-02-24T09:46:47","date_gmt":"2014-02-24T09:46:47","guid":{"rendered":"http:\/\/naturheilpraxis-b-buehl.de\/?page_id=34"},"modified":"2021-02-08T23:38:15","modified_gmt":"2021-02-08T23:38:15","slug":"dunkelfeldmikroskopie","status":"publish","type":"page","link":"https:\/\/naturheilpraxis-b-buehl.de\/?page_id=34","title":{"rendered":"Coaching"},"content":{"rendered":"<p>&nbsp;<\/p>\n<p>Nicht alles was mit Problemen und Schwierigkeiten zu tun hat, geh\u00f6rt in den Bereich der Krankheiten. So kann ausgepr\u00e4gtes Lampenfieber jemanden daran hindern, beruflich aufzusteigen, weil er sich und seine Arbeitsergebnisse bei Besprechungen nicht mit Stolz und Schwung pr\u00e4sentieren kann, sondern z\u00f6gerlich und leise vortr\u00e4gt und es f\u00fcr die Zuh\u00f6rer schwierig wird, mit den Gedanken beim Redner zu bleiben. Eine Krankheit ist das nicht, aber eine durchaus schwerwiegende Beeintr\u00e4chtigung mit weitreichenden Konsequenzen. Mit Hypnosecoaching lassen sich Blockaden, die uns im Privaten wie im Beruflichen behindern, l\u00f6sen, so dass wir unsere F\u00e4higkeiten tats\u00e4chlich auch umsetzen k\u00f6nnen. Au\u00dferdem er\u00f6ffnet die Arbeit mit dem Unterbewusstsein den Zugriff auf ganz neue Ideen und L\u00f6sungsans\u00e4tze, die uns zum Teil auf komplett neue Wege f\u00fchren, weil bisher ungenutzte F\u00e4higkeiten und Talente zum Vorschein kommen und unser Leben um neue Facetten bereichern.<\/p>\n<p>Das Gleiche gilt aber nicht nur f\u00fcr den Einzelnen sondern auch f\u00fcr Gruppen. In der Regel handelt es sich dabei um Familien oder um Menschen, die beruflich zusammenarbeiten m\u00fcssen. Beiden Gruppen ist gemeinsam, dass mehrere Menschen aufeinandertreffen mit zum Teil sehr unterschiedlichen Charakteren und Vorstellungen, wie der gemeinsame Umgang zu gestalten ist. In solchen F\u00e4llen findet das Coaching zum Teil in der Gesamtgruppe und zum Teil mit jedem Einzelnen bzw. mit Gruppenteilen statt.<\/p>\n<p>In unserem Bewusstsein gibt es oft in bestimmten Situationen keinen Ausweg und wir sind der Meinung, schon alle M\u00f6glichkeiten durchdacht zu haben.\u00a0 Unser Unterbewusstsein hat aber immer noch einige andere Ideen parat. Hypnosecoaching hilft dem Einzelnen diese verborgenen M\u00f6glichkeiten f\u00fcr sich ans Licht zu holen und zum Vorteil der Gruppe umzusetzen. So lassen sich verh\u00e4rtete Fronten aufweichen und Bewegung in immer gleiche Abl\u00e4ufe bringen.<\/p>\n<p>&nbsp;<\/p>\n<p>&nbsp;<\/p>\n","protected":false},"excerpt":{"rendered":"<p>&nbsp; Nicht alles was mit Problemen und Schwierigkeiten zu tun hat, geh\u00f6rt in den Bereich der Krankheiten. So kann ausgepr\u00e4gtes Lampenfieber jemanden daran hindern, beruflich aufzusteigen, weil er sich und seine Arbeitsergebnisse bei Besprechungen nicht mit Stolz und Schwung pr\u00e4sentieren &hellip; <a href=\"https:\/\/naturheilpraxis-b-buehl.de\/?page_id=34\">Weiterlesen <span class=\"meta-nav\">&rarr;<\/span><\/a><\/p>\n","protected":false},"author":1,"featured_media":347,"parent":0,"menu_order":0,"comment_status":"open","ping_status":"open","template":"","meta":{"footnotes":""},"class_list":["post-34","page","type-page","status-publish","has-post-thumbnail","hentry"],"_links":{"self":[{"href":"https:\/\/naturheilpraxis-b-buehl.de\/index.php?rest_route=\/wp\/v2\/pages\/34","targetHints":{"allow":["GET"]}}],"collection":[{"href":"https:\/\/naturheilpraxis-b-buehl.de\/index.php?rest_route=\/wp\/v2\/pages"}],"about":[{"href":"https:\/\/naturheilpraxis-b-buehl.de\/index.php?rest_route=\/wp\/v2\/types\/page"}],"author":[{"embeddable":true,"href":"https:\/\/naturheilpraxis-b-buehl.de\/index.php?rest_route=\/wp\/v2\/users\/1"}],"replies":[{"embeddable":true,"href":"https:\/\/naturheilpraxis-b-buehl.de\/index.php?rest_route=%2Fwp%2Fv2%2Fcomments&post=34"}],"version-history":[{"count":9,"href":"https:\/\/naturheilpraxis-b-buehl.de\/index.php?rest_route=\/wp\/v2\/pages\/34\/revisions"}],"predecessor-version":[{"id":348,"href":"https:\/\/naturheilpraxis-b-buehl.de\/index.php?rest_route=\/wp\/v2\/pages\/34\/revisions\/348"}],"wp:featuredmedia":[{"embeddable":true,"href":"https:\/\/naturheilpraxis-b-buehl.de\/index.php?rest_route=\/wp\/v2\/media\/347"}],"wp:attachment":[{"href":"https:\/\/naturheilpraxis-b-buehl.de\/index.php?rest_route=%2Fwp%2Fv2%2Fmedia&parent=34"}],"curies":[{"name":"wp","href":"https:\/\/api.w.org\/{rel}","templated":true}]}}