{"id":32,"date":"2014-03-08T11:28:45","date_gmt":"2014-03-08T11:28:45","guid":{"rendered":"http:\/\/naturheilpraxis-b-buehl.de\/?page_id=32"},"modified":"2018-05-25T20:23:35","modified_gmt":"2018-05-25T20:23:35","slug":"dorntherapie","status":"publish","type":"page","link":"https:\/\/naturheilpraxis-b-buehl.de\/?page_id=32","title":{"rendered":"Dorntherapie"},"content":{"rendered":"<p>&nbsp;<\/p>\n<p>Die Dorn-Therapie erm\u00f6glicht eine schnelle und wirkungsvolle Beseitigung von Wirbelblockaden. Oft kann bereits mit einer Behandlung Schmerzfreiheit erreicht werden und selbst bereits lang andauernde Zust\u00e4nde k\u00f6nnen damit gebessert werden.<\/p>\n<p>Dorn-Therapie hat nichts mit Chiropraktik zu tun. Vielmehr werden die Wirbel mit vorsichtigen Massagebewegungen in die urspr\u00fcngliche Position gebracht w\u00e4hrend der Patient die dazugeh\u00f6rigen Muskelpartien gleichm\u00e4\u00dfig bewegt. Dadurch werden Verletzungen vermieden. Als Massage\u00f6l wird Johanniskraut\u00f6l benutzt, das auf gereizte Nerven beruhigend wirkt.<\/p>\n<p>Grunds\u00e4tzlich werden\u00a0 Dornmassagen bei Patienten w\u00e4hrend oder nach l\u00e4nger andauernder Cortisontherapie und bei Ostheoporose in meiner Praxis nicht durchgef\u00fchrt.<\/p>\n","protected":false},"excerpt":{"rendered":"<p>&nbsp; Die Dorn-Therapie erm\u00f6glicht eine schnelle und wirkungsvolle Beseitigung von Wirbelblockaden. Oft kann bereits mit einer Behandlung Schmerzfreiheit erreicht werden und selbst bereits lang andauernde Zust\u00e4nde k\u00f6nnen damit gebessert werden. Dorn-Therapie hat nichts mit Chiropraktik zu tun. Vielmehr werden die &hellip; <a href=\"https:\/\/naturheilpraxis-b-buehl.de\/?page_id=32\">Weiterlesen <span class=\"meta-nav\">&rarr;<\/span><\/a><\/p>\n","protected":false},"author":1,"featured_media":212,"parent":0,"menu_order":0,"comment_status":"open","ping_status":"open","template":"","meta":{"footnotes":""},"class_list":["post-32","page","type-page","status-publish","has-post-thumbnail","hentry"],"_links":{"self":[{"href":"https:\/\/naturheilpraxis-b-buehl.de\/index.php?rest_route=\/wp\/v2\/pages\/32","targetHints":{"allow":["GET"]}}],"collection":[{"href":"https:\/\/naturheilpraxis-b-buehl.de\/index.php?rest_route=\/wp\/v2\/pages"}],"about":[{"href":"https:\/\/naturheilpraxis-b-buehl.de\/index.php?rest_route=\/wp\/v2\/types\/page"}],"author":[{"embeddable":true,"href":"https:\/\/naturheilpraxis-b-buehl.de\/index.php?rest_route=\/wp\/v2\/users\/1"}],"replies":[{"embeddable":true,"href":"https:\/\/naturheilpraxis-b-buehl.de\/index.php?rest_route=%2Fwp%2Fv2%2Fcomments&post=32"}],"version-history":[{"count":5,"href":"https:\/\/naturheilpraxis-b-buehl.de\/index.php?rest_route=\/wp\/v2\/pages\/32\/revisions"}],"predecessor-version":[{"id":189,"href":"https:\/\/naturheilpraxis-b-buehl.de\/index.php?rest_route=\/wp\/v2\/pages\/32\/revisions\/189"}],"wp:featuredmedia":[{"embeddable":true,"href":"https:\/\/naturheilpraxis-b-buehl.de\/index.php?rest_route=\/wp\/v2\/media\/212"}],"wp:attachment":[{"href":"https:\/\/naturheilpraxis-b-buehl.de\/index.php?rest_route=%2Fwp%2Fv2%2Fmedia&parent=32"}],"curies":[{"name":"wp","href":"https:\/\/api.w.org\/{rel}","templated":true}]}}