{"id":30,"date":"2014-02-24T09:46:07","date_gmt":"2014-02-24T09:46:07","guid":{"rendered":"http:\/\/naturheilpraxis-b-buehl.de\/?page_id=30"},"modified":"2023-03-13T09:53:05","modified_gmt":"2023-03-13T09:53:05","slug":"behandlungsablauf-und-gebuehr","status":"publish","type":"page","link":"https:\/\/naturheilpraxis-b-buehl.de\/?page_id=30","title":{"rendered":"Behandlungsablauf"},"content":{"rendered":"<p>Au\u00dfer bei R\u00fcckenbehandlungen nach Dorn, beginnt jede Behandlung in meiner Praxis mit einem ausf\u00fchrlichen Erstanamnesegespr\u00e4ch (Dauer beim Erwachsenen zwischen 2 und 3 Stunden). <strong><br \/>\n<\/strong><\/p>\n<p>Grunds\u00e4tzlich frage ich jeden neuen Patienten w\u00e4hrend der Erstanamnese nach ca. 15 bis 20 Min. ob er mit mir als Therapeutin arbeiten will. Falls nicht beenden wir das Gespr\u00e4ch an dieser Stelle, wobei dem Patienten dann von mir keine Kosten in Rechnung gestellt werden. Behandlungen in meiner Praxis laufen immer im Team mit dem Patienten ab (bei Kindern, je nach Alter, mit den Eltern), wobei die letzte Entscheidung \u00fcber Behandlungsmethoden und Medikamenteneinnahme\u00a0 immer beim Patienten liegt, nachdem der Patient auch immer die Konsequenzen tragen muss.<\/p>\n","protected":false},"excerpt":{"rendered":"<p>Au\u00dfer bei R\u00fcckenbehandlungen nach Dorn, beginnt jede Behandlung in meiner Praxis mit einem ausf\u00fchrlichen Erstanamnesegespr\u00e4ch (Dauer beim Erwachsenen zwischen 2 und 3 Stunden). Grunds\u00e4tzlich frage ich jeden neuen Patienten w\u00e4hrend der Erstanamnese nach ca. 15 bis 20 Min. ob er &hellip; <a href=\"https:\/\/naturheilpraxis-b-buehl.de\/?page_id=30\">Weiterlesen <span class=\"meta-nav\">&rarr;<\/span><\/a><\/p>\n","protected":false},"author":1,"featured_media":214,"parent":0,"menu_order":0,"comment_status":"open","ping_status":"open","template":"","meta":{"footnotes":""},"class_list":["post-30","page","type-page","status-publish","has-post-thumbnail","hentry"],"_links":{"self":[{"href":"https:\/\/naturheilpraxis-b-buehl.de\/index.php?rest_route=\/wp\/v2\/pages\/30","targetHints":{"allow":["GET"]}}],"collection":[{"href":"https:\/\/naturheilpraxis-b-buehl.de\/index.php?rest_route=\/wp\/v2\/pages"}],"about":[{"href":"https:\/\/naturheilpraxis-b-buehl.de\/index.php?rest_route=\/wp\/v2\/types\/page"}],"author":[{"embeddable":true,"href":"https:\/\/naturheilpraxis-b-buehl.de\/index.php?rest_route=\/wp\/v2\/users\/1"}],"replies":[{"embeddable":true,"href":"https:\/\/naturheilpraxis-b-buehl.de\/index.php?rest_route=%2Fwp%2Fv2%2Fcomments&post=30"}],"version-history":[{"count":10,"href":"https:\/\/naturheilpraxis-b-buehl.de\/index.php?rest_route=\/wp\/v2\/pages\/30\/revisions"}],"predecessor-version":[{"id":391,"href":"https:\/\/naturheilpraxis-b-buehl.de\/index.php?rest_route=\/wp\/v2\/pages\/30\/revisions\/391"}],"wp:featuredmedia":[{"embeddable":true,"href":"https:\/\/naturheilpraxis-b-buehl.de\/index.php?rest_route=\/wp\/v2\/media\/214"}],"wp:attachment":[{"href":"https:\/\/naturheilpraxis-b-buehl.de\/index.php?rest_route=%2Fwp%2Fv2%2Fmedia&parent=30"}],"curies":[{"name":"wp","href":"https:\/\/api.w.org\/{rel}","templated":true}]}}