{"id":244,"date":"2018-05-24T17:44:55","date_gmt":"2018-05-24T17:44:55","guid":{"rendered":"http:\/\/naturheilpraxis-b-buehl.de\/?page_id=244"},"modified":"2018-05-25T21:51:30","modified_gmt":"2018-05-25T21:51:30","slug":"datenschutzerklaerung","status":"publish","type":"page","link":"https:\/\/naturheilpraxis-b-buehl.de\/?page_id=244","title":{"rendered":"Datenschutzerkl\u00e4rung"},"content":{"rendered":"<p>Besten Dank f\u00fcr Ihr Interesse an meiner Website. Der Schutz Ihrer pers\u00f6nlichen Daten ist mir ein besonderes Anliegen und ich halte mich an die gesetzlichen Vorgaben, insbesondere der Datenschutzgesetze. Alle hier benutzten Begriffe verstehen sich als geschlechtsneutral.<\/p>\n<ol>\n<li>Information bez\u00fcglich der Erhebung personenbezogener Daten<\/li>\n<\/ol>\n<p>1.1 Hiermit informiere ich Sie bez\u00fcglich der Erhebung personenbezogener Daten beim Nutzen meiner Website bzw. meiner Email-Adresse. Zur Erkl\u00e4rung: Personenbezogene Daten sind jene Daten, die man pers\u00f6nlich auf Sie beziehen kann, z. B. Name, Anschrift und Email-Adresse.<\/p>\n<p>1.2 Ich, Heilpraktikerin Birgit B\u00fchl, Goldbergstr. 8a, 85653 Gro\u00dfhelfendorf,\u00a0 <a href=\"http:\/\/www.naturheilpraxis.buehl\">naturheilpraxis.buehl<\/a> @t-online.de, bin die Verantwortliche gem. Art. 4 Abs. 7 EU-Datenschutz-Grundverordnung (DSGVO), siehe auch mein Impressum.<\/p>\n<p>1.3 Falls Sie mich kontaktieren m\u00f6chten, k\u00f6nnen Sie mir eine E-Mail senden. Dabei ist die Angabe einer g\u00fcltigen E-Mail-Adresse zur Beantwortung Ihrer Mail unumg\u00e4nglich. Allerdings k\u00f6nnen Sie eine anonymisierte E-Mail-Adresse benutzen. Im Fall der \u00dcbersendung einer E-Mail durch Sie, werden alle von Ihnen mitgeteilten und f\u00fcr eine Antwort n\u00f6tigen Daten gespeichert, z.B. Ihr Name, Ihre Telefonnummer, Ihre E-Mail-Adresse. Sobald nicht mehr ben\u00f6tigt, l\u00f6sche ich Ihre personenbezogenen Daten. Im Fall einer gesetzlichen Aufbewahrungspflicht wird die Verarbeitung von mir eingeschr\u00e4nkt. Die Rechtsgrundlage f\u00fcr die Datenverarbeitung zum Zwecke der Kontaktaufnahme ergibt sich aus Art. 6 Abs. 1 S. 1 lit. F DSGVO.<\/p>\n<p>1.4 Bitte nehmen Sie zur Kenntnis, dass eine Daten\u00fcbertragung per E-Mail m\u00f6glicherweise Sicherheitsl\u00fccken aufweist. Trotz aller Sorgfalt kann man den Zugriff Dritter auf die versandten Daten nicht komplett ausschlie\u00dfen.<\/p>\n<p>1.5\u00a0 Derzeit ben\u00f6tige ich keine Dienste externer Dienstleister f\u00fcr einzelne Funktionen meiner Website.<\/p>\n<ol start=\"2\">\n<li>Speicherung und Verarbeitung personenbezogener Daten bei Aufruf meiner Website<\/li>\n<\/ol>\n<p>2.1 Meine Website l\u00e4sst sich ausschlie\u00dflich zu Informationszwecken nutzen. Beim Aufruf meiner Website werden automatisch die personenbezogenen Daten, die Ihr Browser an den Server meiner Website \u00fcbermittelt, gespeichert. Dabei handelt es sich um folgende Daten, die automatisiert erhoben, gespeichert und dann ebenso automatisiert wieder gel\u00f6scht werden:<\/p>\n<p>&#8211; IP-Adresse des anfragenden Rechners<\/p>\n<p>&#8211; Datum und Uhrzeit der Anfrage bzw. des Zugriffs<\/p>\n<p>&#8211; Zeitzonendifferenz zur Greenwich Mean Time (GMT)<\/p>\n<p>&#8211; Inhalt der Anforderung (konkrete Seite)<\/p>\n<p>&#8211; Name und URL der abgerufenen Datei<\/p>\n<p>&#8211; Zugriffsstatus\/http-Statuscode<\/p>\n<p>&#8211; jeweils \u00fcbertragene Datenmenge<\/p>\n<p>&#8211; Website, von der die Anforderung bzw. der Zugriff erfolgt (Referrer-URL)<\/p>\n<p>&#8211; verwendeter Browser<\/p>\n<p>&#8211; Betriebssystem Ihres Rechners und dessen Oberfl\u00e4che sowie der Name Ihres Access-Providers<\/p>\n<p>&#8211; Sprache und Version der Browsersoftware.<\/p>\n<p>2.2 Die Nutzung dieser Daten hilft Ihnen die Website anzuzeigen und Stabilit\u00e4t und Sicherheit zu gew\u00e4hrleisten. Dies bezieht sich insbesondere auf einen reibungslosen Verbindungsaufbau, eine Auswertung der Systemsicherheit bzw. \u2013stabilit\u00e4t und weitere administrative Zwecke.<\/p>\n<p>2.3 Art. 6 Abs. 1 S. 1 lit. F DSGVO bildet dabei die Rechtsgrundlage f\u00fcr die Datenerhebung und \u2013verarbeitung. Unser berechtigtes Interesse folgt aus den vorstehend aufgelisteten Zwecken zur Datenerhebung.<\/p>\n<ol start=\"3\">\n<li>Weitergabe von Daten \/ Daten\u00fcbermittlung<\/li>\n<\/ol>\n<p>Ihre pers\u00f6nlichen Daten werden ausschlie\u00dflich zu folgenden Zwecken an Dritte \u00fcbermittelt:<\/p>\n<p>3.1 nach Erteilung einer ausdr\u00fccklichen Einwilligung gem\u00e4\u00df Art. 6 Abs. 1 S. 1 lit. A DSGVO<\/p>\n<p>3.2 Die Weitergabe ist nach Art. 6 Abs. 1 S. 1 lit. F. DSGVO zur Geltendmachung, Aus\u00fcbung oder Verteidigung von Rechtsanspr\u00fcchen erforderlich und es besteht kein Grund zur Annahme, dass Sie ein \u00fcberwiegendes schutzw\u00fcrdiges Interesse an der Nichtweitergabe Ihrer Daten haben<\/p>\n<p>3.3 falls f\u00fcr die Weitergabe nach Art. 6 Abs. 1 S. 1 lit. C DSGVO eine gesetzliche Verpflichtung besteht<\/p>\n<p>3.4 sofern dies gesetzlich zul\u00e4ssig und nach\u00a0 Art. 6 Abs. 1 S. 1 lit. B DSGVO f\u00fcr die Abwicklung von Vertragsverh\u00e4ltnissen mit Ihnen erforderlich ist.<\/p>\n<ol start=\"4\">\n<li>Ihre Rechte<\/li>\n<\/ol>\n<p>In Bezug auf Ihre personenbezogenen Daten haben Sie mir gegen\u00fcber folgende Rechte:<\/p>\n<p>4.1 Recht auf Auskunft: gem. Art. 15 DSGVO k\u00f6nnen Sie Auskunft \u00fcber Ihre von mir verarbeiteten personenbezogenen Daten verlangen.<\/p>\n<p>4.2 Recht auf Berichtigung: gem\u00e4\u00df Art. 16 DSGVO k\u00f6nnen Sie unverz\u00fcglich die Berichtigung unrichtiger oder Vervollst\u00e4ndigung Ihrer bei mir gespeicherten personenbezogenen Daten verlangen.<\/p>\n<p>4.3 Recht auf L\u00f6schung: gem. Art. 17 DSGVO k\u00f6nnen Sie die L\u00f6schung Ihrer bei mir gespeicherten personenbezogenen Daten verlangen.<\/p>\n<p>4.4 Recht auf Einschr\u00e4nkung der Verarbeitung: gem. Art. 18 DSGVO k\u00f6nnen Sie die Einschr\u00e4nkung der Verarbeitung Ihrer bei mir gespeicherten personenbezogenen Daten verlangen.<\/p>\n<p>4.5 Recht auf Widerspruch gegen die Verarbeitung: gem. Art. 7 Abs. 3 DSGVO k\u00f6nnen Sie Ihre einmal erteilte Einwilligung jederzeit gegen\u00fcber mir widerrufen.<\/p>\n<p>4.6 Recht auf Daten\u00fcbertragbarkeit: gem. Art. 20 DSGVO k\u00f6nnen Sie verlangen, Ihre personenbezogenen Daten, die Sie mir bereitgestellt haben, in einem strukturierten, g\u00e4ngigen und maschinenlesbaren Format zu erhalten oder die \u00dcbermittlung an einen anderen Verantwortlichen verlangen.<\/p>\n<p>4.7 Sie haben gem. Art. 77 DSGVO zudem das Recht, sich bei einer Datenschutz-Aufsichtsbeh\u00f6rde \u00fcber die Verarbeitung Ihrer personenbezogenen Daten durch mich zu beschweren.<\/p>\n<ol start=\"5\">\n<li>Widerspruch oder Widerruf gegen die Verarbeitung Ihrer Daten<\/li>\n<\/ol>\n<p>5.1 Sofern ich Ihre personenbezogenen Daten auf Grundlage von berechtigten Interessen gem. Art. 6. Abs. 1 S 1 lit. F DSGVO verarbeite, k\u00f6nnen Sie gem. Art. 21 DSGVO Widerspruch gegen die Verarbeitung Ihrer personenbezogenen Daten einlegen. In diesem Fall teilen Sie mir bitte die Gr\u00fcnde mit, auf Grund derer ich Ihre personenbezogenen Daten nicht verarbeiten soll. Nach Pr\u00fcfung Ihres Widerspruchs stelle ich entweder die Datenverarbeitung ein, pass diese an oder f\u00fchre die Verarbeitung fort. In zuletzt genanntem Fall lege ich Ihnen meine zwingenden schutzw\u00fcrdigen Gr\u00fcnde dar. Falls ich die Datenverarbeitung einstelle, bleibt die vorangegangene Datenverarbeitung trotzdem rechtskonform.<\/p>\n<p>5.2 Einer Verarbeitung Ihrer personenbezogenen Daten f\u00fcr Zwecke der Werbung und\/oder Datenanalyse k\u00f6nnen Sie jederzeit ohne Angabe von Gr\u00fcnden widersprechen.<\/p>\n<p>5.3 Ihre Einwilligung zur Verarbeitung Ihrer Daten, falls Sie diese erteilt haben, k\u00f6nnen Sie jederzeit mit Wirkung f\u00fcr die Zukunft widerrufen.<\/p>\n<p>5.4 Falls Sie Ihr Widerspruchsrecht nutzen wollen, teilen Sie mir dies bitte schriftlich mit, per E-Mail an : <a href=\"mailto:naturheilpraxis.buehl@t-online.de\">naturheilpraxis.buehl@t-online.de<\/a><\/p>\n<p>oder per Post an:<\/p>\n<p>Naturheilpraxis Birgit B\u00fchl<\/p>\n<p>Goldbergstr. 8a<\/p>\n<p>85653 Gro\u00dfhelfendorf<\/p>\n<ol start=\"6\">\n<li>Verschl\u00fcsselung<\/li>\n<\/ol>\n<p>Zur Sicherung Ihrer Daten verwende ich auf meiner Website eine SSL-Verschl\u00fcsselung. Die entsprechenden Zertifikate werden von mir regelm\u00e4\u00dfig erneuert.<\/p>\n<ol start=\"7\">\n<li>Weitere Fragen<\/li>\n<\/ol>\n<p>Bei weiteren Fragen zum Datenschutz wenden Sie sich bitte schriftlich an meine E-Mail-Adresse <a href=\"mailto:naturheilpraxis.buehl@t-online.de\">naturheilpraxis.buehl@t-online.de<\/a><\/p>\n<p>&nbsp;<\/p>\n<p>&nbsp;<\/p>\n<p>&nbsp;<\/p>\n","protected":false},"excerpt":{"rendered":"<p>Besten Dank f\u00fcr Ihr Interesse an meiner Website. Der Schutz Ihrer pers\u00f6nlichen Daten ist mir ein besonderes Anliegen und ich halte mich an die gesetzlichen Vorgaben, insbesondere der Datenschutzgesetze. Alle hier benutzten Begriffe verstehen sich als geschlechtsneutral. Information bez\u00fcglich der &hellip; <a href=\"https:\/\/naturheilpraxis-b-buehl.de\/?page_id=244\">Weiterlesen <span class=\"meta-nav\">&rarr;<\/span><\/a><\/p>\n","protected":false},"author":1,"featured_media":0,"parent":0,"menu_order":0,"comment_status":"closed","ping_status":"closed","template":"","meta":{"footnotes":""},"class_list":["post-244","page","type-page","status-publish","hentry"],"_links":{"self":[{"href":"https:\/\/naturheilpraxis-b-buehl.de\/index.php?rest_route=\/wp\/v2\/pages\/244","targetHints":{"allow":["GET"]}}],"collection":[{"href":"https:\/\/naturheilpraxis-b-buehl.de\/index.php?rest_route=\/wp\/v2\/pages"}],"about":[{"href":"https:\/\/naturheilpraxis-b-buehl.de\/index.php?rest_route=\/wp\/v2\/types\/page"}],"author":[{"embeddable":true,"href":"https:\/\/naturheilpraxis-b-buehl.de\/index.php?rest_route=\/wp\/v2\/users\/1"}],"replies":[{"embeddable":true,"href":"https:\/\/naturheilpraxis-b-buehl.de\/index.php?rest_route=%2Fwp%2Fv2%2Fcomments&post=244"}],"version-history":[{"count":7,"href":"https:\/\/naturheilpraxis-b-buehl.de\/index.php?rest_route=\/wp\/v2\/pages\/244\/revisions"}],"predecessor-version":[{"id":295,"href":"https:\/\/naturheilpraxis-b-buehl.de\/index.php?rest_route=\/wp\/v2\/pages\/244\/revisions\/295"}],"wp:attachment":[{"href":"https:\/\/naturheilpraxis-b-buehl.de\/index.php?rest_route=%2Fwp%2Fv2%2Fmedia&parent=244"}],"curies":[{"name":"wp","href":"https:\/\/api.w.org\/{rel}","templated":true}]}}