{"id":24,"date":"2014-02-24T09:43:39","date_gmt":"2014-02-24T09:43:39","guid":{"rendered":"http:\/\/naturheilpraxis-b-buehl.de\/?page_id=24"},"modified":"2026-03-06T15:03:02","modified_gmt":"2026-03-06T15:03:02","slug":"terminvorschau-von-juli-dezember-2013","status":"publish","type":"page","link":"https:\/\/naturheilpraxis-b-buehl.de\/?page_id=24","title":{"rendered":"Terminvorschau"},"content":{"rendered":"\n<p>Sie erreichen mich monatlich f\u00fcr ein oder zwei Tage in Ebern in der Geschwister-Scholl-Stra\u00dfe 3 (ehemaliges Kasernengel\u00e4nde) im 1. Stock auf der rechten Seite. Mein Name steht am Schild neben der T\u00fcr.<\/p>\n\n\n\n<p><\/p>\n\n\n\n<p>Die genauen Termine k\u00f6nnen Sie telefonisch bei mir erfragen. <\/p>\n\n\n\n<p><\/p>\n\n\n\n<p>F\u00fcr Terminvereinbarungen erreichen Sie mich unter 08095\/875740 oder 0177\/3641445 von Montag bis Freitag von 10.00 Uhr bis 17.00 Uhr.<\/p>\n\n\n\n<p><\/p>\n\n\n\n<p><\/p>\n\n\n\n<p><\/p>\n\n\n\n<p><\/p>\n","protected":false},"excerpt":{"rendered":"<p>Sie erreichen mich monatlich f\u00fcr ein oder zwei Tage in Ebern in der Geschwister-Scholl-Stra\u00dfe 3 (ehemaliges Kasernengel\u00e4nde) im 1. Stock auf der rechten Seite. Mein Name steht am Schild neben der T\u00fcr. Die genauen Termine k\u00f6nnen Sie telefonisch bei mir &hellip; <a href=\"https:\/\/naturheilpraxis-b-buehl.de\/?page_id=24\">Weiterlesen <span class=\"meta-nav\">&rarr;<\/span><\/a><\/p>\n","protected":false},"author":1,"featured_media":213,"parent":0,"menu_order":0,"comment_status":"open","ping_status":"open","template":"","meta":{"footnotes":""},"class_list":["post-24","page","type-page","status-publish","has-post-thumbnail","hentry"],"_links":{"self":[{"href":"https:\/\/naturheilpraxis-b-buehl.de\/index.php?rest_route=\/wp\/v2\/pages\/24","targetHints":{"allow":["GET"]}}],"collection":[{"href":"https:\/\/naturheilpraxis-b-buehl.de\/index.php?rest_route=\/wp\/v2\/pages"}],"about":[{"href":"https:\/\/naturheilpraxis-b-buehl.de\/index.php?rest_route=\/wp\/v2\/types\/page"}],"author":[{"embeddable":true,"href":"https:\/\/naturheilpraxis-b-buehl.de\/index.php?rest_route=\/wp\/v2\/users\/1"}],"replies":[{"embeddable":true,"href":"https:\/\/naturheilpraxis-b-buehl.de\/index.php?rest_route=%2Fwp%2Fv2%2Fcomments&post=24"}],"version-history":[{"count":58,"href":"https:\/\/naturheilpraxis-b-buehl.de\/index.php?rest_route=\/wp\/v2\/pages\/24\/revisions"}],"predecessor-version":[{"id":450,"href":"https:\/\/naturheilpraxis-b-buehl.de\/index.php?rest_route=\/wp\/v2\/pages\/24\/revisions\/450"}],"wp:featuredmedia":[{"embeddable":true,"href":"https:\/\/naturheilpraxis-b-buehl.de\/index.php?rest_route=\/wp\/v2\/media\/213"}],"wp:attachment":[{"href":"https:\/\/naturheilpraxis-b-buehl.de\/index.php?rest_route=%2Fwp%2Fv2%2Fmedia&parent=24"}],"curies":[{"name":"wp","href":"https:\/\/api.w.org\/{rel}","templated":true}]}}