{"id":201,"date":"2015-10-31T09:39:35","date_gmt":"2015-10-31T09:39:35","guid":{"rendered":"http:\/\/naturheilpraxis-b-buehl.de\/?page_id=201"},"modified":"2016-01-14T12:47:08","modified_gmt":"2016-01-14T12:47:08","slug":"hypnosetherapie","status":"publish","type":"page","link":"https:\/\/naturheilpraxis-b-buehl.de\/?page_id=201","title":{"rendered":"Hypnosetherapie"},"content":{"rendered":"<p>W\u00e4hrend wir st\u00e4ndig unser Bewusstsein nutzen um Entscheidungen zu treffen und unsren Alltag zu meistern, gibt unser Unterbewusstsein immer wieder Informationen dazu, ohne dass wir dies wahrnehmen. Oft blockiert uns unser Unterbewusstsein dadurch und Ideen werden aus unerfindlichen Gr\u00fcnden nicht umgesetzt, F\u00e4higkeiten und Talente bleiben ungenutzt, sch\u00e4dliche Gewohnheiten werden wider besseres Wissen beibehalten, n\u00f6tige Entscheidungen k\u00f6nnen nicht getroffen werden, unverarbeitete traumatische Erlebnisse hindern uns wieder ein gl\u00fcckliches und erf\u00fclltes Leben zu f\u00fchren usw..<\/p>\n<p>W\u00e4hrend der hypnotischen Trance wird direkt Kontakt mit dem Unterbewusstsein aufgenommen. Das Bewusstsein bleibt dabei v\u00f6llig erhalten. Der Patient wei\u00df auch hinterher noch, was der Therapeut und auch, was er selbst gesprochen hat. Der Patient ist weder willen- noch bewusstlos. Heilhypnose hat mit der spektakul\u00e4ren Showhypnose nichts zu tun.<\/p>\n<p>Am bekanntesten d\u00fcrfte vermutlich der Hypnoseeinsatz bei der Raucherentw\u00f6hnung sein, gefolgt vom Einsatz hypnotischer Tiefenentspannung bei allen Leiden mit nerv\u00f6ser Grundlage (von Schlafst\u00f6rungen bis zu Konzentrationsproblemen bei den Hausaufgaben). Sehr erfolgreich lassen sich im psychischen bzw. medizinischen Bereich Blockaden und \u00c4ngste aller Art l\u00f6sen, bzw. Schmerzen verringern. \u00a0Im Coaching wird Hypnose eingesetzt, um Ziele zu konkretisieren und durch die St\u00e4rkung von F\u00e4higkeiten und Selbstbewusstsein auch zu erreichen. Einen speziellen Bereich stellt die Traumatherapie dar. Dabei wird im direkten Dialog mit dem Unterbewusstsein versucht entweder ursachen- oder l\u00f6sungsorientiert vorzugehen und traumatische Erlebnisse so zu verarbeiten, dass sie sich positiv bzw. neutral in den Erfahrungsschatz des Patienten einf\u00fcgen oder auch \u00fcberhaupt erst zur Verarbeitung zur Verf\u00fcgung stehen.<\/p>\n<p>Hypnose bietet f\u00fcr vielf\u00e4ltige Probleme ein erstaunliches L\u00f6sungspotential, da unser Unterbewusstsein ungeahnte M\u00f6glichkeiten bietet, sobald man sie zu nutzen beginnt.<\/p>\n<p>Hypnosetherapie wird, wie jede therapeutische Ma\u00dfnahme in meiner Praxis immer vorher individuell abgestimmt und ausf\u00fchrlich mit dem Patienten besprochen.<\/p>\n","protected":false},"excerpt":{"rendered":"<p>W\u00e4hrend wir st\u00e4ndig unser Bewusstsein nutzen um Entscheidungen zu treffen und unsren Alltag zu meistern, gibt unser Unterbewusstsein immer wieder Informationen dazu, ohne dass wir dies wahrnehmen. Oft blockiert uns unser Unterbewusstsein dadurch und Ideen werden aus unerfindlichen Gr\u00fcnden nicht &hellip; <a href=\"https:\/\/naturheilpraxis-b-buehl.de\/?page_id=201\">Weiterlesen <span class=\"meta-nav\">&rarr;<\/span><\/a><\/p>\n","protected":false},"author":1,"featured_media":221,"parent":0,"menu_order":0,"comment_status":"closed","ping_status":"closed","template":"","meta":{"footnotes":""},"class_list":["post-201","page","type-page","status-publish","has-post-thumbnail","hentry"],"_links":{"self":[{"href":"https:\/\/naturheilpraxis-b-buehl.de\/index.php?rest_route=\/wp\/v2\/pages\/201","targetHints":{"allow":["GET"]}}],"collection":[{"href":"https:\/\/naturheilpraxis-b-buehl.de\/index.php?rest_route=\/wp\/v2\/pages"}],"about":[{"href":"https:\/\/naturheilpraxis-b-buehl.de\/index.php?rest_route=\/wp\/v2\/types\/page"}],"author":[{"embeddable":true,"href":"https:\/\/naturheilpraxis-b-buehl.de\/index.php?rest_route=\/wp\/v2\/users\/1"}],"replies":[{"embeddable":true,"href":"https:\/\/naturheilpraxis-b-buehl.de\/index.php?rest_route=%2Fwp%2Fv2%2Fcomments&post=201"}],"version-history":[{"count":1,"href":"https:\/\/naturheilpraxis-b-buehl.de\/index.php?rest_route=\/wp\/v2\/pages\/201\/revisions"}],"predecessor-version":[{"id":202,"href":"https:\/\/naturheilpraxis-b-buehl.de\/index.php?rest_route=\/wp\/v2\/pages\/201\/revisions\/202"}],"wp:featuredmedia":[{"embeddable":true,"href":"https:\/\/naturheilpraxis-b-buehl.de\/index.php?rest_route=\/wp\/v2\/media\/221"}],"wp:attachment":[{"href":"https:\/\/naturheilpraxis-b-buehl.de\/index.php?rest_route=%2Fwp%2Fv2%2Fmedia&parent=201"}],"curies":[{"name":"wp","href":"https:\/\/api.w.org\/{rel}","templated":true}]}}