{"id":140,"date":"2014-07-17T18:40:48","date_gmt":"2014-07-17T18:40:48","guid":{"rendered":"http:\/\/naturheilpraxis-b-buehl.de\/?page_id=140"},"modified":"2018-05-25T21:49:20","modified_gmt":"2018-05-25T21:49:20","slug":"impressum","status":"publish","type":"page","link":"https:\/\/naturheilpraxis-b-buehl.de\/?page_id=140","title":{"rendered":"Impressum"},"content":{"rendered":"<p>Naturheilpraxis Birgit B\u00fchl<br \/>\nGoldbergstr. 8a<br \/>\n85653 Gro\u00dfhelfendorf<\/p>\n<p>Telefon: +49 8095 \/ 87 57 40<\/p>\n<p>E-Mail: Naturheilpraxis.Buehl@t-online.de<br \/>\nInternet: https:\/\/naturheilpraxis-b-buehl.de<\/p>\n<p>Verantwortliche Beh\u00f6rde:<\/p>\n<p>Landratsamt M\u00fcnchen<\/p>\n<p>\u00d6ffentliches Gesundheitswesen<\/p>\n<p>Mariahilfplatz 17<\/p>\n<p>81541 M\u00fcnchen<\/p>\n<p>Berufsrechtliche Regelungen: Heilpraktiker-Gesetz, 17.02.1939 (RGBl. I S. 251)<\/p>\n<p>Rechtsgrundlagen: Gesetz \u00fcber die berufsm\u00e4\u00dfige Aus\u00fcbung der Heilkunde ohne Bestallung (Heilpraktikergesetz, BGBl. III 2122-2-1)<\/p>\n<p>Inhaltlich verantwortlich gem\u00e4\u00df \u00a7 10 Abs. 3 MDStV: Birgit B\u00fchl<\/p>\n<p>Fotos copyright mcvitus<\/p>\n<p>&nbsp;<\/p>\n<p>&nbsp;<\/p>\n<p>&nbsp;<\/p>\n<p>&nbsp;<\/p>\n<p>&nbsp;<\/p>\n<address>\u00a0<\/address>\n<p>&nbsp;<\/p>\n<p>&nbsp;<\/p>\n<p>&nbsp;<\/p>\n<p>&nbsp;<\/p>\n<p>&nbsp;<\/p>\n<p>Haftungshinweis: Trotz sorgf\u00e4ltiger inhaltlicher Kontrolle \u00fcbernehmen wir keine Haftung f\u00fcr die Inhalte externer Links. F\u00fcr den Inhalt der verlinkten Seiten sind ausschlie\u00dflich deren Betreiber verantwortlich.<\/p>\n","protected":false},"excerpt":{"rendered":"<p>Naturheilpraxis Birgit B\u00fchl Goldbergstr. 8a 85653 Gro\u00dfhelfendorf Telefon: +49 8095 \/ 87 57 40 E-Mail: Naturheilpraxis.Buehl@t-online.de Internet: https:\/\/naturheilpraxis-b-buehl.de Verantwortliche Beh\u00f6rde: Landratsamt M\u00fcnchen \u00d6ffentliches Gesundheitswesen Mariahilfplatz 17 81541 M\u00fcnchen Berufsrechtliche Regelungen: Heilpraktiker-Gesetz, 17.02.1939 (RGBl. I S. 251) Rechtsgrundlagen: Gesetz \u00fcber die &hellip; <a href=\"https:\/\/naturheilpraxis-b-buehl.de\/?page_id=140\">Weiterlesen <span class=\"meta-nav\">&rarr;<\/span><\/a><\/p>\n","protected":false},"author":1,"featured_media":217,"parent":0,"menu_order":0,"comment_status":"closed","ping_status":"closed","template":"","meta":{"footnotes":""},"class_list":["post-140","page","type-page","status-publish","has-post-thumbnail","hentry"],"_links":{"self":[{"href":"https:\/\/naturheilpraxis-b-buehl.de\/index.php?rest_route=\/wp\/v2\/pages\/140","targetHints":{"allow":["GET"]}}],"collection":[{"href":"https:\/\/naturheilpraxis-b-buehl.de\/index.php?rest_route=\/wp\/v2\/pages"}],"about":[{"href":"https:\/\/naturheilpraxis-b-buehl.de\/index.php?rest_route=\/wp\/v2\/types\/page"}],"author":[{"embeddable":true,"href":"https:\/\/naturheilpraxis-b-buehl.de\/index.php?rest_route=\/wp\/v2\/users\/1"}],"replies":[{"embeddable":true,"href":"https:\/\/naturheilpraxis-b-buehl.de\/index.php?rest_route=%2Fwp%2Fv2%2Fcomments&post=140"}],"version-history":[{"count":8,"href":"https:\/\/naturheilpraxis-b-buehl.de\/index.php?rest_route=\/wp\/v2\/pages\/140\/revisions"}],"predecessor-version":[{"id":293,"href":"https:\/\/naturheilpraxis-b-buehl.de\/index.php?rest_route=\/wp\/v2\/pages\/140\/revisions\/293"}],"wp:featuredmedia":[{"embeddable":true,"href":"https:\/\/naturheilpraxis-b-buehl.de\/index.php?rest_route=\/wp\/v2\/media\/217"}],"wp:attachment":[{"href":"https:\/\/naturheilpraxis-b-buehl.de\/index.php?rest_route=%2Fwp%2Fv2%2Fmedia&parent=140"}],"curies":[{"name":"wp","href":"https:\/\/api.w.org\/{rel}","templated":true}]}}